{"id":1707,"date":"2025-01-08T10:55:00","date_gmt":"2025-01-08T10:55:00","guid":{"rendered":"http:\/\/ile-aux-oiseaux.fr\/?page_id=1707"},"modified":"2026-02-23T09:02:38","modified_gmt":"2026-02-23T09:02:38","slug":"cookie-management-policy","status":"publish","type":"page","link":"https:\/\/ile-aux-oiseaux.fr\/en\/politique-de-gestion-des-cookies\/","title":{"rendered":"Cookie management policy"},"content":{"rendered":"<div data-elementor-type=\"wp-page\" data-elementor-id=\"1707\" class=\"elementor elementor-1707\" data-elementor-post-type=\"page\">\n\t\t\t\t<div class=\"elementor-element elementor-element-735683a3 e-con-full e-flex e-con e-parent\" data-id=\"735683a3\" data-element_type=\"container\" data-e-type=\"container\" data-settings=\"{&quot;background_background&quot;:&quot;classic&quot;,&quot;shape_divider_bottom&quot;:&quot;curve&quot;}\">\n\t\t\t\t<div class=\"elementor-shape elementor-shape-bottom\" aria-hidden=\"true\" data-negative=\"false\">\n\t\t\t<svg xmlns=\"http:\/\/www.w3.org\/2000\/svg\" viewbox=\"0 0 1000 100\" preserveaspectratio=\"none\">\n    <path class=\"elementor-shape-fill\" d=\"M1000,4.3V0H0v4.3C0.9,23.1,126.7,99.2,500,100S1000,22.7,1000,4.3z\"\/>\n<\/svg>\t\t<\/div>\n\t\t<div class=\"elementor-element elementor-element-4a4253a3 e-con-full wrapper e-flex e-con e-child\" data-id=\"4a4253a3\" data-element_type=\"container\" data-e-type=\"container\">\n\t\t<div class=\"elementor-element elementor-element-53945da e-con-full e-flex e-con e-child\" data-id=\"53945da\" data-element_type=\"container\" data-e-type=\"container\">\n\t\t\t\t<div class=\"elementor-element elementor-element-35edb5fe elementor-widget elementor-widget-heading\" data-id=\"35edb5fe\" data-element_type=\"widget\" data-e-type=\"widget\" data-widget_type=\"heading.default\">\n\t\t\t\t<div class=\"elementor-widget-container\">\n\t\t\t\t\t<h1 class=\"elementor-heading-title elementor-size-default\">Cookie management policy<\/h1>\t\t\t\t<\/div>\n\t\t\t\t<\/div>\n\t\t\t\t<\/div>\n\t\t\t\t<\/div>\n\t\t\t\t<\/div>\n\t\t<div class=\"elementor-element elementor-element-4e326d8c e-con-full wrapper e-flex elementor-invisible e-con e-parent\" data-id=\"4e326d8c\" data-element_type=\"container\" data-e-type=\"container\" data-settings=\"{&quot;animation&quot;:&quot;fadeIn&quot;}\">\n\t\t\t\t<div class=\"elementor-element elementor-element-688ff463 elementor-absolute parallax elementor-widget elementor-widget-image\" data-id=\"688ff463\" data-element_type=\"widget\" data-e-type=\"widget\" data-settings=\"{&quot;_position&quot;:&quot;absolute&quot;}\" data-widget_type=\"image.default\">\n\t\t\t\t<div class=\"elementor-widget-container\">\n\t\t\t\t\t\t\t\t\t\t\t\t\t\t\t<img decoding=\"async\" width=\"80\" height=\"80\" src=\"https:\/\/ile-aux-oiseaux.fr\/wp-content\/uploads\/2024\/12\/plume.png\" class=\"attachment-full size-full wp-image-284\" alt=\"feather\" \/>\t\t\t\t\t\t\t\t\t\t\t\t\t\t\t<\/div>\n\t\t\t\t<\/div>\n\t\t<div class=\"elementor-element elementor-element-458375ad e-con-full e-flex e-con e-child\" data-id=\"458375ad\" data-element_type=\"container\" data-e-type=\"container\">\n\t\t<div class=\"elementor-element elementor-element-16f36ea0 e-con-full e-flex e-con e-child\" data-id=\"16f36ea0\" data-element_type=\"container\" data-e-type=\"container\">\n\t\t\t\t<div class=\"elementor-element elementor-element-2ea96820 elementor-widget elementor-widget-text-editor\" data-id=\"2ea96820\" data-element_type=\"widget\" data-e-type=\"widget\" data-widget_type=\"text-editor.default\">\n\t\t\t\t<div class=\"elementor-widget-container\">\n\t\t\t\t\t\t\t\t\t<p>Updated as of January 28, 2025,<\/p><p>This policy is complementary to <a href=\"\/en\/privacy-policy\/\">the privacy policy<\/a> regarding other types of personal data that we may collect.<\/p><p>The policy below therefore aims to give you all the useful information regarding more specifically the cookies used by our site.<\/p><p>You can change your preferences at any time via the following modal:<\/p><p>\u00a0<\/p><p>We collect and process your data through this website to better understand its use. We always ask for your consent to do so. You can change your privacy settings here:\u00a0<a href=\"https:\/\/ile-aux-oiseaux.fr\/en\/#cookies\/\">Manage settings<\/a>.<\/p>\t\t\t\t\t\t\t\t<\/div>\n\t\t\t\t<\/div>\n\t\t\t\t<\/div>\n\t\t\t\t<div class=\"elementor-element elementor-element-2ff14c13 h2-small elementor-widget elementor-widget-heading\" data-id=\"2ff14c13\" data-element_type=\"widget\" data-e-type=\"widget\" data-widget_type=\"heading.default\">\n\t\t\t\t<div class=\"elementor-widget-container\">\n\t\t\t\t\t<h2 class=\"elementor-heading-title elementor-size-default\"><span>What is a cookie?<\/span><\/h2>\t\t\t\t<\/div>\n\t\t\t\t<\/div>\n\t\t\t\t<div class=\"elementor-element elementor-element-365d1180 elementor-widget elementor-widget-text-editor\" data-id=\"365d1180\" data-element_type=\"widget\" data-e-type=\"widget\" data-widget_type=\"text-editor.default\">\n\t\t\t\t<div class=\"elementor-widget-container\">\n\t\t\t\t\t\t\t\t\t<p>Cookies are often encrypted files that are stored in your browser. They are created for a limited time when a user&#039;s browser loads a specific website: the website sends information to the browser, which then creates a text file. Each time the user returns to the same website, the browser retrieves this file and sends it to the website&#039;s server.<\/p><p>The information stored by cookies includes the pages visited, the type of browser you use, your IP address, and even the information you have entered on a site so that you do not have to enter it again.<\/p><p>For more information on cookies, please see <a href=\"https:\/\/www.cnil.fr\/vos-droits\/vos-traces\/les-cookies\/\" target=\"_blank\" rel=\"noopener\">the CNIL information page<\/a>.<\/p>\t\t\t\t\t\t\t\t<\/div>\n\t\t\t\t<\/div>\n\t\t<div class=\"elementor-element elementor-element-653072d2 e-con-full e-flex e-con e-child\" data-id=\"653072d2\" data-element_type=\"container\" data-e-type=\"container\">\n\t\t\t\t<div class=\"elementor-element elementor-element-510b4ea3 h2-small elementor-widget elementor-widget-heading\" data-id=\"510b4ea3\" data-element_type=\"widget\" data-e-type=\"widget\" data-widget_type=\"heading.default\">\n\t\t\t\t<div class=\"elementor-widget-container\">\n\t\t\t\t\t<h2 class=\"elementor-heading-title elementor-size-default\"><span>What cookies do we use?<\/span><\/h2>\t\t\t\t<\/div>\n\t\t\t\t<\/div>\n\t\t\t\t<div class=\"elementor-element elementor-element-2d12d9a1 elementor-widget elementor-widget-text-editor\" data-id=\"2d12d9a1\" data-element_type=\"widget\" data-e-type=\"widget\" data-widget_type=\"text-editor.default\">\n\t\t\t\t<div class=\"elementor-widget-container\">\n\t\t\t\t\t\t\t\t\t<p>Generally speaking, cookies can be of different types depending on their purpose. Here we present the cookies used on the site:<\/p><ul><li>technical cookies essential for connection;<\/li><li>cookies offering features to optimize navigation or the appearance of the site (e.g. changes to text size, personalized pages);<\/li><li>statistical or performance cookies to understand the performance of the site, to establish statistics on the volume of visits and use of content and to detect possible operating anomalies. The information collected is aggregated so that it is made anonymous. The cookies we use do not collect information about identified individuals, in accordance with the recommendations of the CNIL;<\/li><li>Cookies related to the effectiveness of the online advertising we use: these cookies are placed when you connect directly to one of our contact pages from an Ads advert we have reserved for you, in order to track the effectiveness of our marketing campaign. Their placement is subject to your consent;<\/li><li>Social media cookies to enable the sharing of specific content. They are not used on our site, but are placed when you visit the social media page in question. Their management therefore depends entirely on the social media you are registered on.<\/li><\/ul><p>Cookies can be session-specific, being stored in your browser only during your browsing session, that is, until you leave the site and being deleted after that.<\/p><p>Some of them may also be persistent: they remain in your browser after the session (unless you specifically delete them).<\/p><p>The use of cookies is based on our legitimate interest in improving the operation of our site, ensuring its proper functioning, and enabling audience measurement. In accordance with the CNIL&#039;s analysis, these are cookies that:<\/p><ul><li>are used exclusively to compile anonymized and uncorrelated traffic statistics and to carry out tests to measure the relative performance of different versions of the site;<\/li><li>and which have a lifespan of less than 13 months;<\/li><\/ul><p>and those<\/p><ul><li>which have the exclusive purpose of enabling or facilitating communication by electronic means or which are necessary for the provision of an online communication service at your express request.<\/li><\/ul><p>In this context we use the following cookie:<\/p><ul><li>Audience measurement performed using the Matomo tool. Anonymized personal data \u2013 Retention period: 13 months<\/li><\/ul><p><strong>Without your consent, we do not place any cookies other than those that are anonymous or strictly necessary for the use of the site.<\/strong><\/p><p>However, and with your consent in order to help us better understand your expectations, you can also allow us to obtain individualized information on your browsing.<\/p><p>We inform you in this context that we have configured the tool to collect only the information that is strictly necessary for us, however the data collected will be transmitted outside the European Union. When these transfers take place to countries that do not benefit from an adequacy decision issued by the Commission, our service providers use in particular the standard contractual clauses established by the European Commission available upon request to the email address included in this policy.<\/p><p>If you are happy with this, you can consent to the storage of the following cookie:\u00a0 \u00a0\u00a0\u00a0\u00a0\u00a0\u00a0\u00a0\u00a0\u00a0\u00a0\u00a0\u00a0\u00a0\u00a0\u00a0 \u00a0<\/p><ul><li><strong>gtag.js<\/strong> \u2013 Purpose: Audience measurement, conversion recording and creation of advertising audience for the Google advertising network (data controller) \u2013 Retention period: 13 months<\/li><\/ul>\t\t\t\t\t\t\t\t<\/div>\n\t\t\t\t<\/div>\n\t\t\t\t<\/div>\n\t\t<div class=\"elementor-element elementor-element-54d186a9 e-con-full e-flex e-con e-child\" data-id=\"54d186a9\" data-element_type=\"container\" data-e-type=\"container\">\n\t\t\t\t<div class=\"elementor-element elementor-element-75062a50 h2-small elementor-widget elementor-widget-heading\" data-id=\"75062a50\" data-element_type=\"widget\" data-e-type=\"widget\" data-widget_type=\"heading.default\">\n\t\t\t\t<div class=\"elementor-widget-container\">\n\t\t\t\t\t<h2 class=\"elementor-heading-title elementor-size-default\"><span>What are your rights?<\/span><\/h2>\t\t\t\t<\/div>\n\t\t\t\t<\/div>\n\t\t\t\t<div class=\"elementor-element elementor-element-85b0e4a elementor-widget elementor-widget-text-editor\" data-id=\"85b0e4a\" data-element_type=\"widget\" data-e-type=\"widget\" data-widget_type=\"text-editor.default\">\n\t\t\t\t<div class=\"elementor-widget-container\">\n\t\t\t\t\t\t\t\t\t<p>In accordance with Article 13 and Articles 15 to 22 of the GDPR, we will endeavor to allow you to exercise your rights over the personal data that you entrust to us.<\/p><p>In this regard, and within the limits provided for by the texts, you benefit from the possibility:<\/p><ul><li>To be informed in a comprehensible manner about the processing of your data that is implemented;<\/li><li>To request access to your data;<\/li><li>To request that your data which is inaccurate or incomplete be rectified;<\/li><li>To request the erasure of your data;<\/li><li>To oppose or request the limitation of the processing of your data;<\/li><li>To withdraw your consent at any time (where we are relying on your consent);<\/li><li>To request the portability of your personal data when they are processed on the basis of your consent or on that of a contract (or pre-contractual measures),<\/li><li>To define guidelines regarding the fate of your personal data after your death.<\/li><\/ul><p>Regarding the processing carried out by Google if you have accepted the gtag.js cookie, you can <a href=\"https:\/\/business.safety.google\/privacy\/\" target=\"_blank\" rel=\"noopener\">see the next page for more information<\/a>.<\/p>\t\t\t\t\t\t\t\t<\/div>\n\t\t\t\t<\/div>\n\t\t\t\t<\/div>\n\t\t<div class=\"elementor-element elementor-element-14a3262a e-con-full e-flex e-con e-child\" data-id=\"14a3262a\" data-element_type=\"container\" data-e-type=\"container\">\n\t\t\t\t<div class=\"elementor-element elementor-element-628215b8 h2-small elementor-widget elementor-widget-heading\" data-id=\"628215b8\" data-element_type=\"widget\" data-e-type=\"widget\" data-widget_type=\"heading.default\">\n\t\t\t\t<div class=\"elementor-widget-container\">\n\t\t\t\t\t<h2 class=\"elementor-heading-title elementor-size-default\"><span>How to exercise your rights?<\/span><\/h2>\t\t\t\t<\/div>\n\t\t\t\t<\/div>\n\t\t\t\t<div class=\"elementor-element elementor-element-19b1aa7c elementor-widget elementor-widget-text-editor\" data-id=\"19b1aa7c\" data-element_type=\"widget\" data-e-type=\"widget\" data-widget_type=\"text-editor.default\">\n\t\t\t\t<div class=\"elementor-widget-container\">\n\t\t\t\t\t\t\t\t\t<p>To exercise your rights or simply to answer any questions you may have on the subject and subject to proof of identity, you can use the following email address com@ile-aux-oiseaux.fr, or by post to Rue du pr\u00e9 neuf 85340 L&#039;ILE-D&#039;OLONNE.<\/p><p>If, despite all our efforts, you are not satisfied with the way we process your data or with our responses to any questions you may have about it, you may file a complaint with the CNIL (National Commission for Information Technology and Civil Liberties). <a href=\"https:\/\/www.cnil.fr\/fr\/vous-souhaitez-contacter-la-cnil\" target=\"_blank\" rel=\"noopener\">on his website<\/a>.<\/p>\t\t\t\t\t\t\t\t<\/div>\n\t\t\t\t<\/div>\n\t\t\t\t<\/div>\n\t\t<div class=\"elementor-element elementor-element-65ede4ce e-con-full e-flex e-con e-child\" data-id=\"65ede4ce\" data-element_type=\"container\" data-e-type=\"container\">\n\t\t\t\t<div class=\"elementor-element elementor-element-6e72c3b h2-small elementor-widget elementor-widget-heading\" data-id=\"6e72c3b\" data-element_type=\"widget\" data-e-type=\"widget\" data-widget_type=\"heading.default\">\n\t\t\t\t<div class=\"elementor-widget-container\">\n\t\t\t\t\t<h2 class=\"elementor-heading-title elementor-size-default\"><span>Our Website Privacy Policy<\/span><\/h2>\t\t\t\t<\/div>\n\t\t\t\t<\/div>\n\t\t\t\t<div class=\"elementor-element elementor-element-342b828d elementor-widget elementor-widget-text-editor\" data-id=\"342b828d\" data-element_type=\"widget\" data-e-type=\"widget\" data-widget_type=\"text-editor.default\">\n\t\t\t\t<div class=\"elementor-widget-container\">\n\t\t\t\t\t\t\t\t\t<p>We remind you that it is in <a href=\"\/en\/privacy-policy\/\">our Privacy Policy<\/a> that you will find details of your rights over your personal data, the means of exercising them or even the people to whom your data is transferred, as well as the degree of security that we ensure.<\/p>\t\t\t\t\t\t\t\t<\/div>\n\t\t\t\t<\/div>\n\t\t\t\t<\/div>\n\t\t\t\t<\/div>\n\t\t\t\t<\/div>\n\t\t\t\t<\/div>","protected":false},"excerpt":{"rendered":"<p>Politique de gestion des cookies \u00c0 jour au 28 janvier 2025, Cette politique est compl\u00e9mentaire de la politique de confidentialit\u00e9 concernant les autres types de donn\u00e9es \u00e0 caract\u00e8re personnel que nous pouvons \u00eatre amen\u00e9s \u00e0 collecter. La politique ci-dessous vise donc \u00e0 vous donner toutes les informations utiles s\u2019agissant plus pr\u00e9cis\u00e9ment des cookies utilis\u00e9s par [&hellip;]<\/p>\n","protected":false},"author":1,"featured_media":0,"parent":0,"menu_order":0,"comment_status":"closed","ping_status":"closed","template":"","meta":{"footnotes":""},"class_list":["post-1707","page","type-page","status-publish","hentry"],"yoast_head":"<!-- This site is optimized with the Yoast SEO plugin v27.0 - https:\/\/yoast.com\/product\/yoast-seo-wordpress\/ -->\n<title>Politique de gestion des cookies - Camping l&#039;Ile aux Oiseaux<\/title>\n<meta name=\"robots\" content=\"noindex, nofollow\" \/>\n<meta property=\"og:locale\" content=\"en_GB\" \/>\n<meta property=\"og:type\" content=\"article\" \/>\n<meta property=\"og:title\" content=\"Politique de gestion des cookies - Camping l&#039;Ile aux Oiseaux\" \/>\n<meta property=\"og:description\" content=\"Politique de gestion des cookies \u00c0 jour au 28 janvier 2025, Cette politique est compl\u00e9mentaire de la politique de confidentialit\u00e9 concernant les autres types de donn\u00e9es \u00e0 caract\u00e8re personnel que nous pouvons \u00eatre amen\u00e9s \u00e0 collecter. La politique ci-dessous vise donc \u00e0 vous donner toutes les informations utiles s\u2019agissant plus pr\u00e9cis\u00e9ment des cookies utilis\u00e9s par [&hellip;]\" \/>\n<meta property=\"og:url\" content=\"https:\/\/ile-aux-oiseaux.fr\/en\/cookie-management-policy\/\" \/>\n<meta property=\"og:site_name\" content=\"ILE AUX OISEAUX\" \/>\n<meta property=\"article:publisher\" content=\"https:\/\/www.facebook.com\/campinglileauxoiseaux\/\" \/>\n<meta property=\"article:modified_time\" content=\"2026-02-23T09:02:38+00:00\" \/>\n<meta property=\"og:image\" content=\"https:\/\/ile-aux-oiseaux.fr\/wp-content\/uploads\/2024\/12\/plume.png\" \/>\n\t<meta property=\"og:image:width\" content=\"80\" \/>\n\t<meta property=\"og:image:height\" content=\"80\" \/>\n\t<meta property=\"og:image:type\" content=\"image\/png\" \/>\n<meta name=\"twitter:card\" content=\"summary_large_image\" \/>\n<meta name=\"twitter:label1\" content=\"Estimated reading time\" \/>\n\t<meta name=\"twitter:data1\" content=\"6 minutes\" \/>\n<script type=\"application\/ld+json\" class=\"yoast-schema-graph\">{\"@context\":\"https:\/\/schema.org\",\"@graph\":[{\"@type\":\"WebPage\",\"@id\":\"https:\/\/ile-aux-oiseaux.fr\/politique-de-gestion-des-cookies\/\",\"url\":\"https:\/\/ile-aux-oiseaux.fr\/politique-de-gestion-des-cookies\/\",\"name\":\"Politique de gestion des cookies - Camping l'Ile aux Oiseaux\",\"isPartOf\":{\"@id\":\"https:\/\/ile-aux-oiseaux.fr\/#website\"},\"primaryImageOfPage\":{\"@id\":\"https:\/\/ile-aux-oiseaux.fr\/politique-de-gestion-des-cookies\/#primaryimage\"},\"image\":{\"@id\":\"https:\/\/ile-aux-oiseaux.fr\/politique-de-gestion-des-cookies\/#primaryimage\"},\"thumbnailUrl\":\"https:\/\/ile-aux-oiseaux.fr\/wp-content\/uploads\/2024\/12\/plume.png\",\"datePublished\":\"2025-01-08T10:55:00+00:00\",\"dateModified\":\"2026-02-23T09:02:38+00:00\",\"breadcrumb\":{\"@id\":\"https:\/\/ile-aux-oiseaux.fr\/politique-de-gestion-des-cookies\/#breadcrumb\"},\"inLanguage\":\"en-GB\",\"potentialAction\":[{\"@type\":\"ReadAction\",\"target\":[\"https:\/\/ile-aux-oiseaux.fr\/politique-de-gestion-des-cookies\/\"]}]},{\"@type\":\"ImageObject\",\"inLanguage\":\"en-GB\",\"@id\":\"https:\/\/ile-aux-oiseaux.fr\/politique-de-gestion-des-cookies\/#primaryimage\",\"url\":\"https:\/\/ile-aux-oiseaux.fr\/wp-content\/uploads\/2024\/12\/plume.png\",\"contentUrl\":\"https:\/\/ile-aux-oiseaux.fr\/wp-content\/uploads\/2024\/12\/plume.png\"},{\"@type\":\"BreadcrumbList\",\"@id\":\"https:\/\/ile-aux-oiseaux.fr\/politique-de-gestion-des-cookies\/#breadcrumb\",\"itemListElement\":[{\"@type\":\"ListItem\",\"position\":1,\"name\":\"Accueil\",\"item\":\"https:\/\/ile-aux-oiseaux.fr\/\"},{\"@type\":\"ListItem\",\"position\":2,\"name\":\"Politique de gestion des cookies\"}]},{\"@type\":\"WebSite\",\"@id\":\"https:\/\/ile-aux-oiseaux.fr\/#website\",\"url\":\"https:\/\/ile-aux-oiseaux.fr\/\",\"name\":\"ILE AUX OISEAUX\",\"description\":\"Vivez le camping Autrement\",\"publisher\":{\"@id\":\"https:\/\/ile-aux-oiseaux.fr\/#organization\"},\"alternateName\":\"Camping ILE AUX OISEAUX\",\"potentialAction\":[{\"@type\":\"SearchAction\",\"target\":{\"@type\":\"EntryPoint\",\"urlTemplate\":\"https:\/\/ile-aux-oiseaux.fr\/?s={search_term_string}\"},\"query-input\":{\"@type\":\"PropertyValueSpecification\",\"valueRequired\":true,\"valueName\":\"search_term_string\"}}],\"inLanguage\":\"en-GB\"},{\"@type\":\"Organization\",\"@id\":\"https:\/\/ile-aux-oiseaux.fr\/#organization\",\"name\":\"ILE AUX OISEAUX\",\"url\":\"https:\/\/ile-aux-oiseaux.fr\/\",\"logo\":{\"@type\":\"ImageObject\",\"inLanguage\":\"en-GB\",\"@id\":\"https:\/\/ile-aux-oiseaux.fr\/#\/schema\/logo\/image\/\",\"url\":\"https:\/\/ile-aux-oiseaux.fr\/wp-content\/uploads\/2025\/01\/fav-icon-ile-aux-oiseaux.png\",\"contentUrl\":\"https:\/\/ile-aux-oiseaux.fr\/wp-content\/uploads\/2025\/01\/fav-icon-ile-aux-oiseaux.png\",\"width\":400,\"height\":400,\"caption\":\"ILE AUX OISEAUX\"},\"image\":{\"@id\":\"https:\/\/ile-aux-oiseaux.fr\/#\/schema\/logo\/image\/\"},\"sameAs\":[\"https:\/\/www.facebook.com\/campinglileauxoiseaux\/\",\"https:\/\/www.instagram.com\/camping_ile_aux_oiseaux\/\"]}]}<\/script>\n<!-- \/ Yoast SEO plugin. -->","yoast_head_json":{"title":"Cookie management policy - Camping l&#039;Ile aux Oiseaux","robots":{"index":"noindex","follow":"nofollow"},"og_locale":"en_GB","og_type":"article","og_title":"Politique de gestion des cookies - Camping l'Ile aux Oiseaux","og_description":"Politique de gestion des cookies \u00c0 jour au 28 janvier 2025, Cette politique est compl\u00e9mentaire de la politique de confidentialit\u00e9 concernant les autres types de donn\u00e9es \u00e0 caract\u00e8re personnel que nous pouvons \u00eatre amen\u00e9s \u00e0 collecter. La politique ci-dessous vise donc \u00e0 vous donner toutes les informations utiles s\u2019agissant plus pr\u00e9cis\u00e9ment des cookies utilis\u00e9s par [&hellip;]","og_url":"https:\/\/ile-aux-oiseaux.fr\/en\/cookie-management-policy\/","og_site_name":"ILE AUX OISEAUX","article_publisher":"https:\/\/www.facebook.com\/campinglileauxoiseaux\/","article_modified_time":"2026-02-23T09:02:38+00:00","og_image":[{"width":80,"height":80,"url":"https:\/\/ile-aux-oiseaux.fr\/wp-content\/uploads\/2024\/12\/plume.png","type":"image\/png"}],"twitter_card":"summary_large_image","twitter_misc":{"Estimated reading time":"6 minutes"},"schema":{"@context":"https:\/\/schema.org","@graph":[{"@type":"WebPage","@id":"https:\/\/ile-aux-oiseaux.fr\/politique-de-gestion-des-cookies\/","url":"https:\/\/ile-aux-oiseaux.fr\/politique-de-gestion-des-cookies\/","name":"Cookie management policy - Camping l&#039;Ile aux Oiseaux","isPartOf":{"@id":"https:\/\/ile-aux-oiseaux.fr\/#website"},"primaryImageOfPage":{"@id":"https:\/\/ile-aux-oiseaux.fr\/politique-de-gestion-des-cookies\/#primaryimage"},"image":{"@id":"https:\/\/ile-aux-oiseaux.fr\/politique-de-gestion-des-cookies\/#primaryimage"},"thumbnailUrl":"https:\/\/ile-aux-oiseaux.fr\/wp-content\/uploads\/2024\/12\/plume.png","datePublished":"2025-01-08T10:55:00+00:00","dateModified":"2026-02-23T09:02:38+00:00","breadcrumb":{"@id":"https:\/\/ile-aux-oiseaux.fr\/politique-de-gestion-des-cookies\/#breadcrumb"},"inLanguage":"en-GB","potentialAction":[{"@type":"ReadAction","target":["https:\/\/ile-aux-oiseaux.fr\/politique-de-gestion-des-cookies\/"]}]},{"@type":"ImageObject","inLanguage":"en-GB","@id":"https:\/\/ile-aux-oiseaux.fr\/politique-de-gestion-des-cookies\/#primaryimage","url":"https:\/\/ile-aux-oiseaux.fr\/wp-content\/uploads\/2024\/12\/plume.png","contentUrl":"https:\/\/ile-aux-oiseaux.fr\/wp-content\/uploads\/2024\/12\/plume.png"},{"@type":"BreadcrumbList","@id":"https:\/\/ile-aux-oiseaux.fr\/politique-de-gestion-des-cookies\/#breadcrumb","itemListElement":[{"@type":"ListItem","position":1,"name":"Accueil","item":"https:\/\/ile-aux-oiseaux.fr\/"},{"@type":"ListItem","position":2,"name":"Politique de gestion des cookies"}]},{"@type":"WebSite","@id":"https:\/\/ile-aux-oiseaux.fr\/#website","url":"https:\/\/ile-aux-oiseaux.fr\/","name":"BIRD ISLAND","description":"Experience camping differently","publisher":{"@id":"https:\/\/ile-aux-oiseaux.fr\/#organization"},"alternateName":"Camping ILE AUX OISEAUX","potentialAction":[{"@type":"SearchAction","target":{"@type":"EntryPoint","urlTemplate":"https:\/\/ile-aux-oiseaux.fr\/?s={search_term_string}"},"query-input":{"@type":"PropertyValueSpecification","valueRequired":true,"valueName":"search_term_string"}}],"inLanguage":"en-GB"},{"@type":"Organization","@id":"https:\/\/ile-aux-oiseaux.fr\/#organization","name":"BIRD ISLAND","url":"https:\/\/ile-aux-oiseaux.fr\/","logo":{"@type":"ImageObject","inLanguage":"en-GB","@id":"https:\/\/ile-aux-oiseaux.fr\/#\/schema\/logo\/image\/","url":"https:\/\/ile-aux-oiseaux.fr\/wp-content\/uploads\/2025\/01\/fav-icon-ile-aux-oiseaux.png","contentUrl":"https:\/\/ile-aux-oiseaux.fr\/wp-content\/uploads\/2025\/01\/fav-icon-ile-aux-oiseaux.png","width":400,"height":400,"caption":"ILE AUX OISEAUX"},"image":{"@id":"https:\/\/ile-aux-oiseaux.fr\/#\/schema\/logo\/image\/"},"sameAs":["https:\/\/www.facebook.com\/campinglileauxoiseaux\/","https:\/\/www.instagram.com\/camping_ile_aux_oiseaux\/"]}]}},"_links":{"self":[{"href":"https:\/\/ile-aux-oiseaux.fr\/en\/wp-json\/wp\/v2\/pages\/1707","targetHints":{"allow":["GET"]}}],"collection":[{"href":"https:\/\/ile-aux-oiseaux.fr\/en\/wp-json\/wp\/v2\/pages"}],"about":[{"href":"https:\/\/ile-aux-oiseaux.fr\/en\/wp-json\/wp\/v2\/types\/page"}],"author":[{"embeddable":true,"href":"https:\/\/ile-aux-oiseaux.fr\/en\/wp-json\/wp\/v2\/users\/1"}],"replies":[{"embeddable":true,"href":"https:\/\/ile-aux-oiseaux.fr\/en\/wp-json\/wp\/v2\/comments?post=1707"}],"version-history":[{"count":18,"href":"https:\/\/ile-aux-oiseaux.fr\/en\/wp-json\/wp\/v2\/pages\/1707\/revisions"}],"predecessor-version":[{"id":558358,"href":"https:\/\/ile-aux-oiseaux.fr\/en\/wp-json\/wp\/v2\/pages\/1707\/revisions\/558358"}],"wp:attachment":[{"href":"https:\/\/ile-aux-oiseaux.fr\/en\/wp-json\/wp\/v2\/media?parent=1707"}],"curies":[{"name":"wp","href":"https:\/\/api.w.org\/{rel}","templated":true}]}}