{"id":1703,"date":"2025-01-08T10:54:41","date_gmt":"2025-01-08T10:54:41","guid":{"rendered":"http:\/\/ile-aux-oiseaux.fr\/?page_id=1703"},"modified":"2025-01-28T10:05:31","modified_gmt":"2025-01-28T10:05:31","slug":"legal-notices","status":"publish","type":"page","link":"https:\/\/ile-aux-oiseaux.fr\/en\/mentions-legales\/","title":{"rendered":"Legal Notices"},"content":{"rendered":"<div data-elementor-type=\"wp-page\" data-elementor-id=\"1703\" class=\"elementor elementor-1703\" data-elementor-post-type=\"page\">\n\t\t\t\t<div class=\"elementor-element elementor-element-6d435402 e-con-full e-flex e-con e-parent\" data-id=\"6d435402\" data-element_type=\"container\" data-e-type=\"container\" data-settings=\"{&quot;background_background&quot;:&quot;classic&quot;,&quot;shape_divider_bottom&quot;:&quot;curve&quot;}\">\n\t\t\t\t<div class=\"elementor-shape elementor-shape-bottom\" aria-hidden=\"true\" data-negative=\"false\">\n\t\t\t<svg xmlns=\"http:\/\/www.w3.org\/2000\/svg\" viewbox=\"0 0 1000 100\" preserveaspectratio=\"none\">\n    <path class=\"elementor-shape-fill\" d=\"M1000,4.3V0H0v4.3C0.9,23.1,126.7,99.2,500,100S1000,22.7,1000,4.3z\"\/>\n<\/svg>\t\t<\/div>\n\t\t<div class=\"elementor-element elementor-element-24e638ac e-con-full wrapper e-flex e-con e-child\" data-id=\"24e638ac\" data-element_type=\"container\" data-e-type=\"container\">\n\t\t<div class=\"elementor-element elementor-element-77aa07c5 e-con-full e-flex e-con e-child\" data-id=\"77aa07c5\" data-element_type=\"container\" data-e-type=\"container\">\n\t\t\t\t<div class=\"elementor-element elementor-element-230eba93 elementor-widget elementor-widget-heading\" data-id=\"230eba93\" data-element_type=\"widget\" data-e-type=\"widget\" data-widget_type=\"heading.default\">\n\t\t\t\t<div class=\"elementor-widget-container\">\n\t\t\t\t\t<h1 class=\"elementor-heading-title elementor-size-default\">Legal Notices<\/h1>\t\t\t\t<\/div>\n\t\t\t\t<\/div>\n\t\t\t\t<\/div>\n\t\t\t\t<\/div>\n\t\t\t\t<\/div>\n\t\t<div class=\"elementor-element elementor-element-dfad462 e-con-full wrapper e-flex elementor-invisible e-con e-parent\" data-id=\"dfad462\" data-element_type=\"container\" data-e-type=\"container\" data-settings=\"{&quot;animation&quot;:&quot;fadeIn&quot;}\">\n\t\t\t\t<div class=\"elementor-element elementor-element-fb94b3b elementor-absolute parallax elementor-widget elementor-widget-image\" data-id=\"fb94b3b\" data-element_type=\"widget\" data-e-type=\"widget\" data-settings=\"{&quot;_position&quot;:&quot;absolute&quot;}\" data-widget_type=\"image.default\">\n\t\t\t\t<div class=\"elementor-widget-container\">\n\t\t\t\t\t\t\t\t\t\t\t\t\t\t\t<img decoding=\"async\" width=\"80\" height=\"80\" src=\"https:\/\/ile-aux-oiseaux.fr\/wp-content\/uploads\/2024\/12\/plume.png\" class=\"attachment-full size-full wp-image-284\" alt=\"feather\" \/>\t\t\t\t\t\t\t\t\t\t\t\t\t\t\t<\/div>\n\t\t\t\t<\/div>\n\t\t<div class=\"elementor-element elementor-element-1788c66 e-con-full e-flex e-con e-child\" data-id=\"1788c66\" data-element_type=\"container\" data-e-type=\"container\">\n\t\t<div class=\"elementor-element elementor-element-168912ef e-con-full e-flex e-con e-child\" data-id=\"168912ef\" data-element_type=\"container\" data-e-type=\"container\">\n\t\t\t\t<div class=\"elementor-element elementor-element-fba0864 h2-small elementor-widget elementor-widget-heading\" data-id=\"fba0864\" data-element_type=\"widget\" data-e-type=\"widget\" data-widget_type=\"heading.default\">\n\t\t\t\t<div class=\"elementor-widget-container\">\n\t\t\t\t\t<h2 class=\"elementor-heading-title elementor-size-default\"><span>Site editing<\/span><\/h2>\t\t\t\t<\/div>\n\t\t\t\t<\/div>\n\t\t\t\t<div class=\"elementor-element elementor-element-2ad5568f elementor-widget elementor-widget-text-editor\" data-id=\"2ad5568f\" data-element_type=\"widget\" data-e-type=\"widget\" data-widget_type=\"text-editor.default\">\n\t\t\t\t<div class=\"elementor-widget-container\">\n\t\t\t\t\t\t\t\t\t<p>Under\u00a0<a href=\"https:\/\/www.legifrance.gouv.fr\/affichTexte.do?cidTexte=JORFTEXT000000801164#LEGIARTI000042038977\" target=\"_blank\" rel=\"noopener\">Article 6 of Law No. 2004-575 of June 21, 2004<\/a>\u00a0For confidence in the digital economy, users of the site www.ile-aux-oiseaux.fr are informed of the identity of the various parties involved in its creation and monitoring:<\/p><p>Site owner: SAS La Taill\u00e9e<\/p><ul><li>Email address: contact@ile-aux-oiseaux.fr<\/li><li>Postal address: Rue du pr\u00e9 neuf 85340 L&#039;ILE-D&#039;OLONNE<\/li><li>Telephone: 02 51 90 89 96<\/li><li>SIRET number: 41976503700017<\/li><li>Intra-community VAT number: FR92419765037<\/li><li>RCS number: La Roche-sur-Yon B419 765 037<\/li><\/ul><p>Publication Director: Tommy GAUDIN<\/p><p>Host: OVH SAS \u2013 2 rue Kellermann \u2013 BP 80157 \u2013 59053 Roubaix Cedex 1. Accessible at this <a href=\"https:\/\/www.ovh.com\/fr\/\" target=\"_blank\" rel=\"noopener\">URL<\/a>\u00a0or by phone at 09 72 10 10 07<\/p><p>Data Protection Officer: com@ile-aux-oiseaux.fr<\/p><p>Creation of the website:\u00a0<a href=\"https:\/\/www.strat-engine.com\/\" target=\"_blank\" rel=\"noopener\">Strat Engine marketing and digital agency<\/a><\/p>\t\t\t\t\t\t\t\t<\/div>\n\t\t\t\t<\/div>\n\t\t\t\t<\/div>\n\t\t\t\t<div class=\"elementor-element elementor-element-e0dab21 h2-small elementor-widget elementor-widget-heading\" data-id=\"e0dab21\" data-element_type=\"widget\" data-e-type=\"widget\" data-widget_type=\"heading.default\">\n\t\t\t\t<div class=\"elementor-widget-container\">\n\t\t\t\t\t<h2 class=\"elementor-heading-title elementor-size-default\"><span>Intellectual property and counterfeiting<\/span><\/h2>\t\t\t\t<\/div>\n\t\t\t\t<\/div>\n\t\t\t\t<div class=\"elementor-element elementor-element-d654b24 elementor-widget elementor-widget-text-editor\" data-id=\"d654b24\" data-element_type=\"widget\" data-e-type=\"widget\" data-widget_type=\"text-editor.default\">\n\t\t\t\t<div class=\"elementor-widget-container\">\n\t\t\t\t\t\t\t\t\t<p>SAS La Taill\u00e9e owns the intellectual property rights and holds the usage rights to all elements accessible on the website, including texts, images, graphics, logos, videos, architecture, icons and sounds. Any reproduction, representation, modification, publication, adaptation of all or part of the elements of the site, whatever the means or process used, is prohibited without the prior written authorization of SAS La Taill\u00e9e. Any unauthorized use of the site or any of the elements it contains will be considered an infringement and prosecuted in accordance with the provisions of articles\u00a0<a href=\"https:\/\/www.legifrance.gouv.fr\/affichCodeArticle.do?idArticle=LEGIARTI000032655082&amp;cidTexte=LEGITEXT000006069414&amp;dateTexte=20160605\" target=\"_blank\" rel=\"noopener\">L.335-2 and following of the Intellectual Property Code<\/a>.<\/p>\t\t\t\t\t\t\t\t<\/div>\n\t\t\t\t<\/div>\n\t\t<div class=\"elementor-element elementor-element-267ee58 e-con-full e-flex e-con e-child\" data-id=\"267ee58\" data-element_type=\"container\" data-e-type=\"container\">\n\t\t\t\t<div class=\"elementor-element elementor-element-414d340 h2-small elementor-widget elementor-widget-heading\" data-id=\"414d340\" data-element_type=\"widget\" data-e-type=\"widget\" data-widget_type=\"heading.default\">\n\t\t\t\t<div class=\"elementor-widget-container\">\n\t\t\t\t\t<h2 class=\"elementor-heading-title elementor-size-default\"><span>Limitations of liability<\/span><\/h2>\t\t\t\t<\/div>\n\t\t\t\t<\/div>\n\t\t\t\t<div class=\"elementor-element elementor-element-1342d4e elementor-widget elementor-widget-text-editor\" data-id=\"1342d4e\" data-element_type=\"widget\" data-e-type=\"widget\" data-widget_type=\"text-editor.default\">\n\t\t\t\t<div class=\"elementor-widget-container\">\n\t\t\t\t\t\t\t\t\t<p>SAS La Taill\u00e9e cannot be held responsible for any direct or indirect damage caused to the user&#039;s equipment when accessing the website www.ile-aux-oiseaux.fr. SAS La Taill\u00e9e declines all responsibility for the use that may be made of the information and content present on the site. SAS La Taill\u00e9e is committed to securing the site as best as possible; however, its liability cannot be called into question if unwanted data is imported and installed on its site without its knowledge.<\/p><p>Interactive spaces (contact or comments area) are available to users. SAS La Taill\u00e9e reserves the right to delete, without prior notice, any content posted in this space that contravenes the legislation applicable in France, in particular the provisions relating to data protection. Where applicable, SAS La Taill\u00e9e also reserves the right to hold the user civilly and\/or criminally liable, particularly in the event of messages of a racist, insulting, defamatory, or pornographic nature, regardless of the medium used (text, photography, etc.).<\/p>\t\t\t\t\t\t\t\t<\/div>\n\t\t\t\t<\/div>\n\t\t\t\t<\/div>\n\t\t<div class=\"elementor-element elementor-element-2c1ea9c e-con-full e-flex e-con e-child\" data-id=\"2c1ea9c\" data-element_type=\"container\" data-e-type=\"container\">\n\t\t\t\t<div class=\"elementor-element elementor-element-e7860b8 h2-small elementor-widget elementor-widget-heading\" data-id=\"e7860b8\" data-element_type=\"widget\" data-e-type=\"widget\" data-widget_type=\"heading.default\">\n\t\t\t\t<div class=\"elementor-widget-container\">\n\t\t\t\t\t<h2 class=\"elementor-heading-title elementor-size-default\"><span>CNIL and management of personal data<\/span><\/h2>\t\t\t\t<\/div>\n\t\t\t\t<\/div>\n\t\t\t\t<div class=\"elementor-element elementor-element-4f0ba10 elementor-widget elementor-widget-text-editor\" data-id=\"4f0ba10\" data-element_type=\"widget\" data-e-type=\"widget\" data-widget_type=\"text-editor.default\">\n\t\t\t\t<div class=\"elementor-widget-container\">\n\t\t\t\t\t\t\t\t\t<p>In accordance with the provisions of\u00a0<a href=\"https:\/\/www.legifrance.gouv.fr\/affichTexte.do?cidTexte=JORFTEXT000000886460\" target=\"_blank\" rel=\"noopener\">Law 78-17 of January 6, 1978, as amended<\/a>, the user of the site has the right to access, modify and delete the information collected. To exercise this right, send a message to our Data Protection Officer, email address available at the top of this page.<\/p><p>For more information on how we process your data (type of data, purpose, recipient, etc.), read our Privacy Policy. It is also possible to\u00a0<a href=\"https:\/\/www.cnil.fr\/fr\/plaintes\" target=\"_blank\" rel=\"noopener\">file a complaint with the CNIL<\/a>.<\/p><p>Interactive spaces (contact or comments area) are available to users. SAS La Taill\u00e9e reserves the right to delete, without prior notice, any content posted in this space that contravenes the legislation applicable in France, in particular the provisions relating to data protection. Where applicable, SAS La Taill\u00e9e also reserves the right to hold the user civilly and\/or criminally liable, particularly in the event of messages of a racist, insulting, defamatory, or pornographic nature, regardless of the medium used (text, photography, etc.).<\/p>\t\t\t\t\t\t\t\t<\/div>\n\t\t\t\t<\/div>\n\t\t\t\t<\/div>\n\t\t<div class=\"elementor-element elementor-element-557363b e-con-full e-flex e-con e-child\" data-id=\"557363b\" data-element_type=\"container\" data-e-type=\"container\">\n\t\t\t\t<div class=\"elementor-element elementor-element-1af8051 h2-small elementor-widget elementor-widget-heading\" data-id=\"1af8051\" data-element_type=\"widget\" data-e-type=\"widget\" data-widget_type=\"heading.default\">\n\t\t\t\t<div class=\"elementor-widget-container\">\n\t\t\t\t\t<h2 class=\"elementor-heading-title elementor-size-default\"><span>Hypertext links and cookies<\/span><\/h2>\t\t\t\t<\/div>\n\t\t\t\t<\/div>\n\t\t\t\t<div class=\"elementor-element elementor-element-313672f elementor-widget elementor-widget-text-editor\" data-id=\"313672f\" data-element_type=\"widget\" data-e-type=\"widget\" data-widget_type=\"text-editor.default\">\n\t\t\t\t<div class=\"elementor-widget-container\">\n\t\t\t\t\t\t\t\t\t<p>The site contains hypertext links to other sites and disclaims all liability for these external links or links created by other sites to www.ile-aux-oiseaux.fr.<\/p><p>When you visit our website www.ile-aux-oiseaux.fr, cookies are stored on your device. You can find out about the nature of the cookies stored, accept them, or refuse them either globally for the entire site and all services, or service by service. More information on <a href=\"\/en\/cookie-management-policy\/\">our cookie management policy page<\/a>.<\/p>\t\t\t\t\t\t\t\t<\/div>\n\t\t\t\t<\/div>\n\t\t\t\t<\/div>\n\t\t<div class=\"elementor-element elementor-element-05ed056 e-con-full e-flex e-con e-child\" data-id=\"05ed056\" data-element_type=\"container\" data-e-type=\"container\">\n\t\t\t\t<div class=\"elementor-element elementor-element-f1af3ae h2-small elementor-widget elementor-widget-heading\" data-id=\"f1af3ae\" data-element_type=\"widget\" data-e-type=\"widget\" data-widget_type=\"heading.default\">\n\t\t\t\t<div class=\"elementor-widget-container\">\n\t\t\t\t\t<h2 class=\"elementor-heading-title elementor-size-default\"><span>Applicable law and attribution of jurisdiction<\/span><\/h2>\t\t\t\t<\/div>\n\t\t\t\t<\/div>\n\t\t\t\t<div class=\"elementor-element elementor-element-3444578 elementor-widget elementor-widget-text-editor\" data-id=\"3444578\" data-element_type=\"widget\" data-e-type=\"widget\" data-widget_type=\"text-editor.default\">\n\t\t\t\t<div class=\"elementor-widget-container\">\n\t\t\t\t\t\t\t\t\t<p>Any dispute relating to the use of the website www.ile-aux-oiseaux.fr is subject to French law. Except in cases where the law does not permit it, exclusive jurisdiction is granted to the competent courts.<\/p>\t\t\t\t\t\t\t\t<\/div>\n\t\t\t\t<\/div>\n\t\t\t\t<\/div>\n\t\t\t\t<\/div>\n\t\t\t\t<\/div>\n\t\t\t\t<\/div>","protected":false},"excerpt":{"rendered":"<p>Mentions L\u00e9gales \u00c9dition du site En vertu de\u00a0l\u2019article 6 de la loi n\u00b0 2004-575 du 21 juin 2004\u00a0pour la confiance dans l\u2019\u00e9conomie num\u00e9rique, il est pr\u00e9cis\u00e9 aux utilisateurs du site www.ile-aux-oiseaux.fr\u00a0l\u2019identit\u00e9 des diff\u00e9rents intervenants dans le cadre de sa r\u00e9alisation et de son suivi : Propri\u00e9taire du site :\u00a0SAS La Taill\u00e9e Adresse mail\u00a0: contact@ile-aux-oiseaux.fr Adresse [&hellip;]<\/p>\n","protected":false},"author":1,"featured_media":0,"parent":0,"menu_order":0,"comment_status":"closed","ping_status":"closed","template":"","meta":{"footnotes":""},"class_list":["post-1703","page","type-page","status-publish","hentry"],"yoast_head":"<!-- This site is optimized with the Yoast SEO plugin v27.0 - https:\/\/yoast.com\/product\/yoast-seo-wordpress\/ -->\n<title>Mentions l\u00e9gales - Camping l&#039;Ile aux Oiseaux<\/title>\n<meta name=\"robots\" content=\"noindex, nofollow\" \/>\n<meta property=\"og:locale\" content=\"en_GB\" \/>\n<meta property=\"og:type\" content=\"article\" \/>\n<meta property=\"og:title\" content=\"Mentions l\u00e9gales - Camping l&#039;Ile aux Oiseaux\" \/>\n<meta property=\"og:description\" content=\"Mentions L\u00e9gales \u00c9dition du site En vertu de\u00a0l\u2019article 6 de la loi n\u00b0 2004-575 du 21 juin 2004\u00a0pour la confiance dans l\u2019\u00e9conomie num\u00e9rique, il est pr\u00e9cis\u00e9 aux utilisateurs du site www.ile-aux-oiseaux.fr\u00a0l\u2019identit\u00e9 des diff\u00e9rents intervenants dans le cadre de sa r\u00e9alisation et de son suivi : Propri\u00e9taire du site :\u00a0SAS La Taill\u00e9e Adresse mail\u00a0: contact@ile-aux-oiseaux.fr Adresse [&hellip;]\" \/>\n<meta property=\"og:url\" content=\"https:\/\/ile-aux-oiseaux.fr\/en\/legal-notices\/\" \/>\n<meta property=\"og:site_name\" content=\"ILE AUX OISEAUX\" \/>\n<meta property=\"article:publisher\" content=\"https:\/\/www.facebook.com\/campinglileauxoiseaux\/\" \/>\n<meta property=\"article:modified_time\" content=\"2025-01-28T10:05:31+00:00\" \/>\n<meta property=\"og:image\" content=\"http:\/\/ile-aux-oiseaux.fr\/wp-content\/uploads\/2024\/12\/plume.png\" \/>\n<meta name=\"twitter:card\" content=\"summary_large_image\" \/>\n<meta name=\"twitter:label1\" content=\"Estimated reading time\" \/>\n\t<meta name=\"twitter:data1\" content=\"4 minutes\" \/>\n<script type=\"application\/ld+json\" class=\"yoast-schema-graph\">{\"@context\":\"https:\/\/schema.org\",\"@graph\":[{\"@type\":\"WebPage\",\"@id\":\"https:\/\/ile-aux-oiseaux.fr\/mentions-legales\/\",\"url\":\"https:\/\/ile-aux-oiseaux.fr\/mentions-legales\/\",\"name\":\"Mentions l\u00e9gales - Camping l'Ile aux Oiseaux\",\"isPartOf\":{\"@id\":\"https:\/\/ile-aux-oiseaux.fr\/#website\"},\"primaryImageOfPage\":{\"@id\":\"https:\/\/ile-aux-oiseaux.fr\/mentions-legales\/#primaryimage\"},\"image\":{\"@id\":\"https:\/\/ile-aux-oiseaux.fr\/mentions-legales\/#primaryimage\"},\"thumbnailUrl\":\"http:\/\/ile-aux-oiseaux.fr\/wp-content\/uploads\/2024\/12\/plume.png\",\"datePublished\":\"2025-01-08T10:54:41+00:00\",\"dateModified\":\"2025-01-28T10:05:31+00:00\",\"breadcrumb\":{\"@id\":\"https:\/\/ile-aux-oiseaux.fr\/mentions-legales\/#breadcrumb\"},\"inLanguage\":\"en-GB\",\"potentialAction\":[{\"@type\":\"ReadAction\",\"target\":[\"https:\/\/ile-aux-oiseaux.fr\/mentions-legales\/\"]}]},{\"@type\":\"ImageObject\",\"inLanguage\":\"en-GB\",\"@id\":\"https:\/\/ile-aux-oiseaux.fr\/mentions-legales\/#primaryimage\",\"url\":\"http:\/\/ile-aux-oiseaux.fr\/wp-content\/uploads\/2024\/12\/plume.png\",\"contentUrl\":\"http:\/\/ile-aux-oiseaux.fr\/wp-content\/uploads\/2024\/12\/plume.png\"},{\"@type\":\"BreadcrumbList\",\"@id\":\"https:\/\/ile-aux-oiseaux.fr\/mentions-legales\/#breadcrumb\",\"itemListElement\":[{\"@type\":\"ListItem\",\"position\":1,\"name\":\"Accueil\",\"item\":\"https:\/\/ile-aux-oiseaux.fr\/\"},{\"@type\":\"ListItem\",\"position\":2,\"name\":\"Mentions L\u00e9gales\"}]},{\"@type\":\"WebSite\",\"@id\":\"https:\/\/ile-aux-oiseaux.fr\/#website\",\"url\":\"https:\/\/ile-aux-oiseaux.fr\/\",\"name\":\"ILE AUX OISEAUX\",\"description\":\"Vivez le camping Autrement\",\"publisher\":{\"@id\":\"https:\/\/ile-aux-oiseaux.fr\/#organization\"},\"alternateName\":\"Camping ILE AUX OISEAUX\",\"potentialAction\":[{\"@type\":\"SearchAction\",\"target\":{\"@type\":\"EntryPoint\",\"urlTemplate\":\"https:\/\/ile-aux-oiseaux.fr\/?s={search_term_string}\"},\"query-input\":{\"@type\":\"PropertyValueSpecification\",\"valueRequired\":true,\"valueName\":\"search_term_string\"}}],\"inLanguage\":\"en-GB\"},{\"@type\":\"Organization\",\"@id\":\"https:\/\/ile-aux-oiseaux.fr\/#organization\",\"name\":\"ILE AUX OISEAUX\",\"url\":\"https:\/\/ile-aux-oiseaux.fr\/\",\"logo\":{\"@type\":\"ImageObject\",\"inLanguage\":\"en-GB\",\"@id\":\"https:\/\/ile-aux-oiseaux.fr\/#\/schema\/logo\/image\/\",\"url\":\"https:\/\/ile-aux-oiseaux.fr\/wp-content\/uploads\/2025\/01\/fav-icon-ile-aux-oiseaux.png\",\"contentUrl\":\"https:\/\/ile-aux-oiseaux.fr\/wp-content\/uploads\/2025\/01\/fav-icon-ile-aux-oiseaux.png\",\"width\":400,\"height\":400,\"caption\":\"ILE AUX OISEAUX\"},\"image\":{\"@id\":\"https:\/\/ile-aux-oiseaux.fr\/#\/schema\/logo\/image\/\"},\"sameAs\":[\"https:\/\/www.facebook.com\/campinglileauxoiseaux\/\",\"https:\/\/www.instagram.com\/camping_ile_aux_oiseaux\/\"]}]}<\/script>\n<!-- \/ Yoast SEO plugin. -->","yoast_head_json":{"title":"Legal notices - Camping l&#039;Ile aux Oiseaux","robots":{"index":"noindex","follow":"nofollow"},"og_locale":"en_GB","og_type":"article","og_title":"Mentions l\u00e9gales - Camping l'Ile aux Oiseaux","og_description":"Mentions L\u00e9gales \u00c9dition du site En vertu de\u00a0l\u2019article 6 de la loi n\u00b0 2004-575 du 21 juin 2004\u00a0pour la confiance dans l\u2019\u00e9conomie num\u00e9rique, il est pr\u00e9cis\u00e9 aux utilisateurs du site www.ile-aux-oiseaux.fr\u00a0l\u2019identit\u00e9 des diff\u00e9rents intervenants dans le cadre de sa r\u00e9alisation et de son suivi : Propri\u00e9taire du site :\u00a0SAS La Taill\u00e9e Adresse mail\u00a0: contact@ile-aux-oiseaux.fr Adresse [&hellip;]","og_url":"https:\/\/ile-aux-oiseaux.fr\/en\/legal-notices\/","og_site_name":"ILE AUX OISEAUX","article_publisher":"https:\/\/www.facebook.com\/campinglileauxoiseaux\/","article_modified_time":"2025-01-28T10:05:31+00:00","og_image":[{"url":"http:\/\/ile-aux-oiseaux.fr\/wp-content\/uploads\/2024\/12\/plume.png","type":"","width":"","height":""}],"twitter_card":"summary_large_image","twitter_misc":{"Estimated reading time":"4 minutes"},"schema":{"@context":"https:\/\/schema.org","@graph":[{"@type":"WebPage","@id":"https:\/\/ile-aux-oiseaux.fr\/mentions-legales\/","url":"https:\/\/ile-aux-oiseaux.fr\/mentions-legales\/","name":"Legal notices - Camping l&#039;Ile aux Oiseaux","isPartOf":{"@id":"https:\/\/ile-aux-oiseaux.fr\/#website"},"primaryImageOfPage":{"@id":"https:\/\/ile-aux-oiseaux.fr\/mentions-legales\/#primaryimage"},"image":{"@id":"https:\/\/ile-aux-oiseaux.fr\/mentions-legales\/#primaryimage"},"thumbnailUrl":"http:\/\/ile-aux-oiseaux.fr\/wp-content\/uploads\/2024\/12\/plume.png","datePublished":"2025-01-08T10:54:41+00:00","dateModified":"2025-01-28T10:05:31+00:00","breadcrumb":{"@id":"https:\/\/ile-aux-oiseaux.fr\/mentions-legales\/#breadcrumb"},"inLanguage":"en-GB","potentialAction":[{"@type":"ReadAction","target":["https:\/\/ile-aux-oiseaux.fr\/mentions-legales\/"]}]},{"@type":"ImageObject","inLanguage":"en-GB","@id":"https:\/\/ile-aux-oiseaux.fr\/mentions-legales\/#primaryimage","url":"http:\/\/ile-aux-oiseaux.fr\/wp-content\/uploads\/2024\/12\/plume.png","contentUrl":"http:\/\/ile-aux-oiseaux.fr\/wp-content\/uploads\/2024\/12\/plume.png"},{"@type":"BreadcrumbList","@id":"https:\/\/ile-aux-oiseaux.fr\/mentions-legales\/#breadcrumb","itemListElement":[{"@type":"ListItem","position":1,"name":"Accueil","item":"https:\/\/ile-aux-oiseaux.fr\/"},{"@type":"ListItem","position":2,"name":"Mentions L\u00e9gales"}]},{"@type":"WebSite","@id":"https:\/\/ile-aux-oiseaux.fr\/#website","url":"https:\/\/ile-aux-oiseaux.fr\/","name":"BIRD ISLAND","description":"Experience camping differently","publisher":{"@id":"https:\/\/ile-aux-oiseaux.fr\/#organization"},"alternateName":"Camping ILE AUX OISEAUX","potentialAction":[{"@type":"SearchAction","target":{"@type":"EntryPoint","urlTemplate":"https:\/\/ile-aux-oiseaux.fr\/?s={search_term_string}"},"query-input":{"@type":"PropertyValueSpecification","valueRequired":true,"valueName":"search_term_string"}}],"inLanguage":"en-GB"},{"@type":"Organization","@id":"https:\/\/ile-aux-oiseaux.fr\/#organization","name":"BIRD ISLAND","url":"https:\/\/ile-aux-oiseaux.fr\/","logo":{"@type":"ImageObject","inLanguage":"en-GB","@id":"https:\/\/ile-aux-oiseaux.fr\/#\/schema\/logo\/image\/","url":"https:\/\/ile-aux-oiseaux.fr\/wp-content\/uploads\/2025\/01\/fav-icon-ile-aux-oiseaux.png","contentUrl":"https:\/\/ile-aux-oiseaux.fr\/wp-content\/uploads\/2025\/01\/fav-icon-ile-aux-oiseaux.png","width":400,"height":400,"caption":"ILE AUX OISEAUX"},"image":{"@id":"https:\/\/ile-aux-oiseaux.fr\/#\/schema\/logo\/image\/"},"sameAs":["https:\/\/www.facebook.com\/campinglileauxoiseaux\/","https:\/\/www.instagram.com\/camping_ile_aux_oiseaux\/"]}]}},"_links":{"self":[{"href":"https:\/\/ile-aux-oiseaux.fr\/en\/wp-json\/wp\/v2\/pages\/1703","targetHints":{"allow":["GET"]}}],"collection":[{"href":"https:\/\/ile-aux-oiseaux.fr\/en\/wp-json\/wp\/v2\/pages"}],"about":[{"href":"https:\/\/ile-aux-oiseaux.fr\/en\/wp-json\/wp\/v2\/types\/page"}],"author":[{"embeddable":true,"href":"https:\/\/ile-aux-oiseaux.fr\/en\/wp-json\/wp\/v2\/users\/1"}],"replies":[{"embeddable":true,"href":"https:\/\/ile-aux-oiseaux.fr\/en\/wp-json\/wp\/v2\/comments?post=1703"}],"version-history":[{"count":0,"href":"https:\/\/ile-aux-oiseaux.fr\/en\/wp-json\/wp\/v2\/pages\/1703\/revisions"}],"wp:attachment":[{"href":"https:\/\/ile-aux-oiseaux.fr\/en\/wp-json\/wp\/v2\/media?parent=1703"}],"curies":[{"name":"wp","href":"https:\/\/api.w.org\/{rel}","templated":true}]}}