{"id":1671,"date":"2025-01-08T10:50:18","date_gmt":"2025-01-08T10:50:18","guid":{"rendered":"http:\/\/ile-aux-oiseaux.fr\/?page_id=1671"},"modified":"2025-01-21T10:13:00","modified_gmt":"2025-01-21T10:13:00","slug":"loyalty-card","status":"publish","type":"page","link":"https:\/\/ile-aux-oiseaux.fr\/en\/carte-fidelite\/","title":{"rendered":"Loyalty card"},"content":{"rendered":"<div data-elementor-type=\"wp-page\" data-elementor-id=\"1671\" class=\"elementor elementor-1671\" data-elementor-post-type=\"page\">\n\t\t\t\t<div class=\"elementor-element elementor-element-2394679 e-con-full e-flex e-con e-parent\" data-id=\"2394679\" data-element_type=\"container\" data-e-type=\"container\" data-settings=\"{&quot;background_background&quot;:&quot;classic&quot;,&quot;shape_divider_bottom&quot;:&quot;curve&quot;}\">\n\t\t\t\t<div class=\"elementor-shape elementor-shape-bottom\" aria-hidden=\"true\" data-negative=\"false\">\n\t\t\t<svg xmlns=\"http:\/\/www.w3.org\/2000\/svg\" viewbox=\"0 0 1000 100\" preserveaspectratio=\"none\">\n    <path class=\"elementor-shape-fill\" d=\"M1000,4.3V0H0v4.3C0.9,23.1,126.7,99.2,500,100S1000,22.7,1000,4.3z\"\/>\n<\/svg>\t\t<\/div>\n\t\t<div class=\"elementor-element elementor-element-588b9d3f e-con-full wrapper e-flex e-con e-child\" data-id=\"588b9d3f\" data-element_type=\"container\" data-e-type=\"container\">\n\t\t<div class=\"elementor-element elementor-element-74cdff59 e-con-full e-flex e-con e-child\" data-id=\"74cdff59\" data-element_type=\"container\" data-e-type=\"container\">\n\t\t\t\t<div class=\"elementor-element elementor-element-366f7af6 elementor-widget elementor-widget-heading\" data-id=\"366f7af6\" data-element_type=\"widget\" data-e-type=\"widget\" data-widget_type=\"heading.default\">\n\t\t\t\t<div class=\"elementor-widget-container\">\n\t\t\t\t\t<h1 class=\"elementor-heading-title elementor-size-default\">Our loyalty card<\/h1>\t\t\t\t<\/div>\n\t\t\t\t<\/div>\n\t\t\t\t<div class=\"elementor-element elementor-element-60cbb134 elementor-widget elementor-widget-text-editor\" data-id=\"60cbb134\" data-element_type=\"widget\" data-e-type=\"widget\" data-widget_type=\"text-editor.default\">\n\t\t\t\t<div class=\"elementor-widget-container\">\n\t\t\t\t\t\t\t\t\t<p><strong>What? A campsite loyalty program?<\/strong><\/p><p>Loyalty matters at Camping l&#039;Ile aux Oiseaux. That&#039;s why we&#039;d like to thank our loyal customers and those who will become loyal...<\/p><p>\u00a0<\/p><p>The principle is simple: 1 box = 1 stay = 1 feather sticker.<\/p>\t\t\t\t\t\t\t\t<\/div>\n\t\t\t\t<\/div>\n\t\t\t\t<\/div>\n\t\t\t\t<\/div>\n\t\t\t\t<\/div>\n\t\t<div class=\"elementor-element elementor-element-6bff034 e-con-full wrapper e-flex elementor-invisible e-con e-parent\" data-id=\"6bff034\" data-element_type=\"container\" data-e-type=\"container\" data-settings=\"{&quot;animation&quot;:&quot;fadeIn&quot;}\">\n\t\t\t\t<div class=\"elementor-element elementor-element-4451fc1 elementor-absolute parallax e-transform elementor-widget elementor-widget-image\" data-id=\"4451fc1\" data-element_type=\"widget\" data-e-type=\"widget\" data-settings=\"{&quot;_position&quot;:&quot;absolute&quot;,&quot;_transform_rotateZ_effect&quot;:{&quot;unit&quot;:&quot;px&quot;,&quot;size&quot;:0,&quot;sizes&quot;:[]},&quot;_transform_rotateZ_effect_laptop&quot;:{&quot;unit&quot;:&quot;deg&quot;,&quot;size&quot;:&quot;&quot;,&quot;sizes&quot;:[]},&quot;_transform_rotateZ_effect_tablet&quot;:{&quot;unit&quot;:&quot;deg&quot;,&quot;size&quot;:&quot;&quot;,&quot;sizes&quot;:[]},&quot;_transform_rotateZ_effect_mobile_extra&quot;:{&quot;unit&quot;:&quot;deg&quot;,&quot;size&quot;:&quot;&quot;,&quot;sizes&quot;:[]},&quot;_transform_rotateZ_effect_mobile&quot;:{&quot;unit&quot;:&quot;deg&quot;,&quot;size&quot;:&quot;&quot;,&quot;sizes&quot;:[]}}\" data-widget_type=\"image.default\">\n\t\t\t\t<div class=\"elementor-widget-container\">\n\t\t\t\t\t\t\t\t\t\t\t\t\t\t\t<img decoding=\"async\" width=\"80\" height=\"80\" src=\"https:\/\/ile-aux-oiseaux.fr\/wp-content\/uploads\/2024\/12\/plume.png\" class=\"attachment-full size-full wp-image-284\" alt=\"feather\" \/>\t\t\t\t\t\t\t\t\t\t\t\t\t\t\t<\/div>\n\t\t\t\t<\/div>\n\t\t<div class=\"elementor-element elementor-element-976f5b7 e-con-full e-flex e-con e-child\" data-id=\"976f5b7\" data-element_type=\"container\" data-e-type=\"container\" data-settings=\"{&quot;background_background&quot;:&quot;classic&quot;}\">\n\t\t\t\t<div class=\"elementor-element elementor-element-204ae9e img-full-height elementor-widget elementor-widget-image\" data-id=\"204ae9e\" data-element_type=\"widget\" data-e-type=\"widget\" data-widget_type=\"image.default\">\n\t\t\t\t<div class=\"elementor-widget-container\">\n\t\t\t\t\t\t\t\t\t\t\t\t\t\t\t<img fetchpriority=\"high\" decoding=\"async\" width=\"800\" height=\"500\" src=\"https:\/\/ile-aux-oiseaux.fr\/wp-content\/uploads\/2025\/01\/ile-aux-oiseaux-carte-fidelite.jpg\" class=\"attachment-full size-full wp-image-14626\" alt=\"a couple relaxing on a wooden terrace of the mobile home\" srcset=\"https:\/\/ile-aux-oiseaux.fr\/wp-content\/uploads\/2025\/01\/ile-aux-oiseaux-carte-fidelite.jpg 800w, https:\/\/ile-aux-oiseaux.fr\/wp-content\/uploads\/2025\/01\/ile-aux-oiseaux-carte-fidelite-300x188.jpg 300w, https:\/\/ile-aux-oiseaux.fr\/wp-content\/uploads\/2025\/01\/ile-aux-oiseaux-carte-fidelite-768x480.jpg 768w\" sizes=\"(max-width: 800px) 100vw, 800px\" \/>\t\t\t\t\t\t\t\t\t\t\t\t\t\t\t<\/div>\n\t\t\t\t<\/div>\n\t\t\t\t<\/div>\n\t\t<div class=\"elementor-element elementor-element-725e238 e-con-full e-flex e-con e-child\" data-id=\"725e238\" data-element_type=\"container\" data-e-type=\"container\">\n\t\t\t\t<div class=\"elementor-element elementor-element-57c6d40 h2-small elementor-widget elementor-widget-heading\" data-id=\"57c6d40\" data-element_type=\"widget\" data-e-type=\"widget\" data-widget_type=\"heading.default\">\n\t\t\t\t<div class=\"elementor-widget-container\">\n\t\t\t\t\t<h2 class=\"elementor-heading-title elementor-size-default\">To whom <span>is she addressing?<\/span><\/h2>\t\t\t\t<\/div>\n\t\t\t\t<\/div>\n\t\t\t\t<div class=\"elementor-element elementor-element-2845141 elementor-widget elementor-widget-text-editor\" data-id=\"2845141\" data-element_type=\"widget\" data-e-type=\"widget\" data-widget_type=\"text-editor.default\">\n\t\t\t\t<div class=\"elementor-widget-container\">\n\t\t\t\t\t\t\t\t\t<p><strong>To all those who have recently come to Bird Island:<\/strong><\/p><ul><li>If you already have your Premium Card, be sure to bring it with you on your next visit! If you don&#039;t have it, don&#039;t hesitate to ask for it during your next stay.<\/li><\/ul><p><strong>All those who will soon come to discover us:<\/strong><\/p><ul><li>During your first stay at the campsite, you&#039;ll receive your premium card in person. Earn a premium card from your first stay.<\/li><\/ul>\t\t\t\t\t\t\t\t<\/div>\n\t\t\t\t<\/div>\n\t\t\t\t<\/div>\n\t\t\t\t<\/div>\n\t\t<div class=\"elementor-element elementor-element-94894e1 e-con-full wrapper e-flex elementor-invisible e-con e-parent\" data-id=\"94894e1\" data-element_type=\"container\" data-e-type=\"container\" data-settings=\"{&quot;animation&quot;:&quot;fadeIn&quot;}\">\n\t\t\t\t<div class=\"elementor-element elementor-element-cdaf57d elementor-absolute parallax e-transform elementor-widget elementor-widget-image\" data-id=\"cdaf57d\" data-element_type=\"widget\" data-e-type=\"widget\" data-settings=\"{&quot;_position&quot;:&quot;absolute&quot;,&quot;_transform_rotateZ_effect&quot;:{&quot;unit&quot;:&quot;px&quot;,&quot;size&quot;:0,&quot;sizes&quot;:[]},&quot;_transform_rotateZ_effect_laptop&quot;:{&quot;unit&quot;:&quot;deg&quot;,&quot;size&quot;:&quot;&quot;,&quot;sizes&quot;:[]},&quot;_transform_rotateZ_effect_tablet&quot;:{&quot;unit&quot;:&quot;deg&quot;,&quot;size&quot;:&quot;&quot;,&quot;sizes&quot;:[]},&quot;_transform_rotateZ_effect_mobile_extra&quot;:{&quot;unit&quot;:&quot;deg&quot;,&quot;size&quot;:&quot;&quot;,&quot;sizes&quot;:[]},&quot;_transform_rotateZ_effect_mobile&quot;:{&quot;unit&quot;:&quot;deg&quot;,&quot;size&quot;:&quot;&quot;,&quot;sizes&quot;:[]}}\" data-widget_type=\"image.default\">\n\t\t\t\t<div class=\"elementor-widget-container\">\n\t\t\t\t\t\t\t\t\t\t\t\t\t\t\t<img decoding=\"async\" width=\"80\" height=\"80\" src=\"https:\/\/ile-aux-oiseaux.fr\/wp-content\/uploads\/2024\/12\/plume.png\" class=\"attachment-full size-full wp-image-284\" alt=\"feather\" \/>\t\t\t\t\t\t\t\t\t\t\t\t\t\t\t<\/div>\n\t\t\t\t<\/div>\n\t\t<div class=\"elementor-element elementor-element-2446f3a e-con-full e-flex e-con e-child\" data-id=\"2446f3a\" data-element_type=\"container\" data-e-type=\"container\">\n\t\t\t\t<div class=\"elementor-element elementor-element-be4798b h2-small elementor-widget elementor-widget-heading\" data-id=\"be4798b\" data-element_type=\"widget\" data-e-type=\"widget\" data-widget_type=\"heading.default\">\n\t\t\t\t<div class=\"elementor-widget-container\">\n\t\t\t\t\t<h2 class=\"elementor-heading-title elementor-size-default\">The conditions <span>of the loyalty offer<\/span><\/h2>\t\t\t\t<\/div>\n\t\t\t\t<\/div>\n\t\t\t\t<div class=\"elementor-element elementor-element-46a353b elementor-widget elementor-widget-text-editor\" data-id=\"46a353b\" data-element_type=\"widget\" data-e-type=\"widget\" data-widget_type=\"text-editor.default\">\n\t\t\t\t<div class=\"elementor-widget-container\">\n\t\t\t\t\t\t\t\t\t<p>Offer limited to one sticker per stay and per family. Earn a sticker even for a short stay, applicable for a minimum of two nights in a rental or three nights on a bare pitch. The premium card holder must participate in the stay and present their card at the reception desk for validation. The sticker will be issued only after the balance has been paid and the stay has been billed on-site. This loyalty card is free, without obligation, and unlimited in time. Applicable from the first stay, offer is non-retroactive.<\/p><p>For more information, please contact us by email or telephone.<\/p>\t\t\t\t\t\t\t\t<\/div>\n\t\t\t\t<\/div>\n\t\t\t\t<\/div>\n\t\t<div class=\"elementor-element elementor-element-32efd8d e-con-full e-flex e-con e-child\" data-id=\"32efd8d\" data-element_type=\"container\" data-e-type=\"container\" data-settings=\"{&quot;background_background&quot;:&quot;classic&quot;}\">\n\t\t\t\t<div class=\"elementor-element elementor-element-c18e2a7 img-full-height elementor-widget elementor-widget-image\" data-id=\"c18e2a7\" data-element_type=\"widget\" data-e-type=\"widget\" data-widget_type=\"image.default\">\n\t\t\t\t<div class=\"elementor-widget-container\">\n\t\t\t\t\t\t\t\t\t\t\t\t\t\t\t<img decoding=\"async\" width=\"800\" height=\"528\" src=\"https:\/\/ile-aux-oiseaux.fr\/wp-content\/uploads\/2025\/01\/destination-les-sables-d-olonne-ile-aux-oiseaux.jpg\" class=\"attachment-full size-full wp-image-11343\" alt=\"people walking on the seafront promenade of Les Sables d&#039;Olonne\" srcset=\"https:\/\/ile-aux-oiseaux.fr\/wp-content\/uploads\/2025\/01\/destination-les-sables-d-olonne-ile-aux-oiseaux.jpg 800w, https:\/\/ile-aux-oiseaux.fr\/wp-content\/uploads\/2025\/01\/destination-les-sables-d-olonne-ile-aux-oiseaux-300x198.jpg 300w, https:\/\/ile-aux-oiseaux.fr\/wp-content\/uploads\/2025\/01\/destination-les-sables-d-olonne-ile-aux-oiseaux-768x507.jpg 768w\" sizes=\"(max-width: 800px) 100vw, 800px\" \/>\t\t\t\t\t\t\t\t\t\t\t\t\t\t\t<\/div>\n\t\t\t\t<\/div>\n\t\t\t\t<\/div>\n\t\t\t\t<\/div>\n\t\t<div class=\"elementor-element elementor-element-13d2f970 e-con-full e-flex e-con e-parent\" data-id=\"13d2f970\" data-element_type=\"container\" data-e-type=\"container\" data-settings=\"{&quot;background_background&quot;:&quot;classic&quot;,&quot;shape_divider_top&quot;:&quot;curve&quot;}\">\n\t\t\t\t<div class=\"elementor-shape elementor-shape-top\" aria-hidden=\"true\" data-negative=\"false\">\n\t\t\t<svg xmlns=\"http:\/\/www.w3.org\/2000\/svg\" viewbox=\"0 0 1000 100\" preserveaspectratio=\"none\">\n    <path class=\"elementor-shape-fill\" d=\"M1000,4.3V0H0v4.3C0.9,23.1,126.7,99.2,500,100S1000,22.7,1000,4.3z\"\/>\n<\/svg>\t\t<\/div>\n\t\t\t\t<div class=\"elementor-element elementor-element-3b1bea93 elementor-absolute e-transform elementor-invisible elementor-widget elementor-widget-image\" data-id=\"3b1bea93\" data-element_type=\"widget\" data-e-type=\"widget\" data-settings=\"{&quot;_position&quot;:&quot;absolute&quot;,&quot;_transform_translateX_effect_mobile&quot;:{&quot;unit&quot;:&quot;%&quot;,&quot;size&quot;:-50,&quot;sizes&quot;:[]},&quot;_animation&quot;:&quot;zoomIn&quot;,&quot;_transform_translateX_effect&quot;:{&quot;unit&quot;:&quot;%&quot;,&quot;size&quot;:-50,&quot;sizes&quot;:[]},&quot;_transform_translateX_effect_laptop&quot;:{&quot;unit&quot;:&quot;%&quot;,&quot;size&quot;:&quot;&quot;,&quot;sizes&quot;:[]},&quot;_transform_translateX_effect_tablet&quot;:{&quot;unit&quot;:&quot;%&quot;,&quot;size&quot;:&quot;&quot;,&quot;sizes&quot;:[]},&quot;_transform_translateX_effect_mobile_extra&quot;:{&quot;unit&quot;:&quot;%&quot;,&quot;size&quot;:&quot;&quot;,&quot;sizes&quot;:[]},&quot;_transform_translateY_effect&quot;:{&quot;unit&quot;:&quot;px&quot;,&quot;size&quot;:&quot;&quot;,&quot;sizes&quot;:[]},&quot;_transform_translateY_effect_laptop&quot;:{&quot;unit&quot;:&quot;px&quot;,&quot;size&quot;:&quot;&quot;,&quot;sizes&quot;:[]},&quot;_transform_translateY_effect_tablet&quot;:{&quot;unit&quot;:&quot;px&quot;,&quot;size&quot;:&quot;&quot;,&quot;sizes&quot;:[]},&quot;_transform_translateY_effect_mobile_extra&quot;:{&quot;unit&quot;:&quot;px&quot;,&quot;size&quot;:&quot;&quot;,&quot;sizes&quot;:[]},&quot;_transform_translateY_effect_mobile&quot;:{&quot;unit&quot;:&quot;px&quot;,&quot;size&quot;:&quot;&quot;,&quot;sizes&quot;:[]}}\" data-widget_type=\"image.default\">\n\t\t\t\t<div class=\"elementor-widget-container\">\n\t\t\t\t\t\t\t\t\t\t\t\t\t\t\t<img loading=\"lazy\" decoding=\"async\" width=\"249\" height=\"249\" src=\"https:\/\/ile-aux-oiseaux.fr\/wp-content\/uploads\/2024\/12\/LileAuxOiseaux_Tampon3A-3.png\" class=\"attachment-large size-large wp-image-45\" alt=\"\" srcset=\"https:\/\/ile-aux-oiseaux.fr\/wp-content\/uploads\/2024\/12\/LileAuxOiseaux_Tampon3A-3.png 249w, https:\/\/ile-aux-oiseaux.fr\/wp-content\/uploads\/2024\/12\/LileAuxOiseaux_Tampon3A-3-150x150.png 150w\" sizes=\"(max-width: 249px) 100vw, 249px\" \/>\t\t\t\t\t\t\t\t\t\t\t\t\t\t\t<\/div>\n\t\t\t\t<\/div>\n\t\t<div class=\"elementor-element elementor-element-715901ad e-con-full wrapper e-flex e-con e-child\" data-id=\"715901ad\" data-element_type=\"container\" data-e-type=\"container\">\n\t\t<div class=\"elementor-element elementor-element-2a3c2014 e-con-full e-flex e-con e-child\" data-id=\"2a3c2014\" data-element_type=\"container\" data-e-type=\"container\">\n\t\t\t\t<div class=\"elementor-element elementor-element-79a63707 h2-small elementor-widget elementor-widget-heading\" data-id=\"79a63707\" data-element_type=\"widget\" data-e-type=\"widget\" data-widget_type=\"heading.default\">\n\t\t\t\t<div class=\"elementor-widget-container\">\n\t\t\t\t\t<h2 class=\"elementor-heading-title elementor-size-default\">My vacation is now!<\/h2>\t\t\t\t<\/div>\n\t\t\t\t<\/div>\n\t\t\t\t<div class=\"elementor-element elementor-element-a093183 elementor-widget elementor-widget-text-editor\" data-id=\"a093183\" data-element_type=\"widget\" data-e-type=\"widget\" data-widget_type=\"text-editor.default\">\n\t\t\t\t<div class=\"elementor-widget-container\">\n\t\t\t\t\t\t\t\t\t<p>What about a vacation? The perfect campsite, the ideal atmosphere, and endless memories... It all starts with one simple thing: your reservation! You&#039;ve already made it, right?<\/p>\t\t\t\t\t\t\t\t<\/div>\n\t\t\t\t<\/div>\n\t\t\t\t<div class=\"elementor-element elementor-element-899bb19 btn-elem--gradient elementor-widget elementor-widget-button\" data-id=\"899bb19\" data-element_type=\"widget\" data-e-type=\"widget\" data-widget_type=\"button.default\">\n\t\t\t\t<div class=\"elementor-widget-container\">\n\t\t\t\t\t\t\t\t\t<div class=\"elementor-button-wrapper\">\n\t\t\t\t\t<a class=\"elementor-button elementor-button-link elementor-size-sm\" href=\"https:\/\/thelisresa.webcamp.fr\/formulaire.php?camping=ileoiseaux&#038;lang=fr\" target=\"_blank\">\n\t\t\t\t\t\t<span class=\"elementor-button-content-wrapper\">\n\t\t\t\t\t\t\t\t\t<span class=\"elementor-button-text\">I&#039;m booking my stay!<\/span>\n\t\t\t\t\t<\/span>\n\t\t\t\t\t<\/a>\n\t\t\t\t<\/div>\n\t\t\t\t\t\t\t\t<\/div>\n\t\t\t\t<\/div>\n\t\t\t\t<\/div>\n\t\t\t\t<\/div>\n\t\t\t\t<\/div>\n\t\t\t\t<\/div>","protected":false},"excerpt":{"rendered":"<p>Notre carte de fid\u00e9lit\u00e9 Quoi ? Un programme de fid\u00e9lit\u00e9 en camping ? La fid\u00e9lit\u00e9 \u00e7a compte au Camping l\u2019Ile aux Oiseaux. C\u2019est pourquoi nous souhaitons remercier nos clients fid\u00e8les et ceux qui le deviendront\u2026 \u00a0 Le principe est simple : 1 case = 1 s\u00e9jour = 1 vignette plume. A qui s\u2019adresse-elle ? Tous [&hellip;]<\/p>\n","protected":false},"author":1,"featured_media":0,"parent":0,"menu_order":0,"comment_status":"closed","ping_status":"closed","template":"","meta":{"footnotes":""},"class_list":["post-1671","page","type-page","status-publish","hentry"],"yoast_head":"<!-- This site is optimized with the Yoast SEO plugin v27.0 - https:\/\/yoast.com\/product\/yoast-seo-wordpress\/ -->\n<title>Programme de fid\u00e9lit\u00e9 du camping 3 \u00e9toiles L&#039;Ile aux Oiseaux<\/title>\n<meta name=\"description\" content=\"Profitez de nombreux avantages avec la carte de fid\u00e9lit\u00e9 du camping 3* \u00e0 l&#039;Ile d&#039;olonne, votre camping en Vend\u00e9e, pour des s\u00e9jours encore plus agr\u00e9ables.\" \/>\n<meta name=\"robots\" content=\"index, follow, max-snippet:-1, max-image-preview:large, max-video-preview:-1\" \/>\n<link rel=\"canonical\" href=\"https:\/\/ile-aux-oiseaux.fr\/en\/loyalty-card\/\" \/>\n<meta property=\"og:locale\" content=\"en_GB\" \/>\n<meta property=\"og:type\" content=\"article\" \/>\n<meta property=\"og:title\" content=\"Programme de fid\u00e9lit\u00e9 du camping 3 \u00e9toiles L&#039;Ile aux Oiseaux\" \/>\n<meta property=\"og:description\" content=\"Profitez de nombreux avantages avec la carte de fid\u00e9lit\u00e9 du camping 3* \u00e0 l&#039;Ile d&#039;olonne, votre camping en Vend\u00e9e, pour des s\u00e9jours encore plus agr\u00e9ables.\" \/>\n<meta property=\"og:url\" content=\"https:\/\/ile-aux-oiseaux.fr\/en\/loyalty-card\/\" \/>\n<meta property=\"og:site_name\" content=\"ILE AUX OISEAUX\" \/>\n<meta property=\"article:publisher\" content=\"https:\/\/www.facebook.com\/campinglileauxoiseaux\/\" \/>\n<meta property=\"article:modified_time\" content=\"2025-01-21T10:13:00+00:00\" \/>\n<meta property=\"og:image\" content=\"http:\/\/ile-aux-oiseaux.fr\/wp-content\/uploads\/2024\/12\/plume.png\" \/>\n<meta name=\"twitter:card\" content=\"summary_large_image\" \/>\n<meta name=\"twitter:label1\" content=\"Estimated reading time\" \/>\n\t<meta name=\"twitter:data1\" content=\"3 minutes\" \/>\n<script type=\"application\/ld+json\" class=\"yoast-schema-graph\">{\"@context\":\"https:\/\/schema.org\",\"@graph\":[{\"@type\":\"WebPage\",\"@id\":\"https:\/\/ile-aux-oiseaux.fr\/carte-fidelite\/\",\"url\":\"https:\/\/ile-aux-oiseaux.fr\/carte-fidelite\/\",\"name\":\"Programme de fid\u00e9lit\u00e9 du camping 3 \u00e9toiles L'Ile aux Oiseaux\",\"isPartOf\":{\"@id\":\"https:\/\/ile-aux-oiseaux.fr\/#website\"},\"primaryImageOfPage\":{\"@id\":\"https:\/\/ile-aux-oiseaux.fr\/carte-fidelite\/#primaryimage\"},\"image\":{\"@id\":\"https:\/\/ile-aux-oiseaux.fr\/carte-fidelite\/#primaryimage\"},\"thumbnailUrl\":\"http:\/\/ile-aux-oiseaux.fr\/wp-content\/uploads\/2024\/12\/plume.png\",\"datePublished\":\"2025-01-08T10:50:18+00:00\",\"dateModified\":\"2025-01-21T10:13:00+00:00\",\"description\":\"Profitez de nombreux avantages avec la carte de fid\u00e9lit\u00e9 du camping 3* \u00e0 l'Ile d'olonne, votre camping en Vend\u00e9e, pour des s\u00e9jours encore plus agr\u00e9ables.\",\"breadcrumb\":{\"@id\":\"https:\/\/ile-aux-oiseaux.fr\/carte-fidelite\/#breadcrumb\"},\"inLanguage\":\"en-GB\",\"potentialAction\":[{\"@type\":\"ReadAction\",\"target\":[\"https:\/\/ile-aux-oiseaux.fr\/carte-fidelite\/\"]}]},{\"@type\":\"ImageObject\",\"inLanguage\":\"en-GB\",\"@id\":\"https:\/\/ile-aux-oiseaux.fr\/carte-fidelite\/#primaryimage\",\"url\":\"http:\/\/ile-aux-oiseaux.fr\/wp-content\/uploads\/2024\/12\/plume.png\",\"contentUrl\":\"http:\/\/ile-aux-oiseaux.fr\/wp-content\/uploads\/2024\/12\/plume.png\"},{\"@type\":\"BreadcrumbList\",\"@id\":\"https:\/\/ile-aux-oiseaux.fr\/carte-fidelite\/#breadcrumb\",\"itemListElement\":[{\"@type\":\"ListItem\",\"position\":1,\"name\":\"Accueil\",\"item\":\"https:\/\/ile-aux-oiseaux.fr\/\"},{\"@type\":\"ListItem\",\"position\":2,\"name\":\"Carte de fid\u00e9lit\u00e9\"}]},{\"@type\":\"WebSite\",\"@id\":\"https:\/\/ile-aux-oiseaux.fr\/#website\",\"url\":\"https:\/\/ile-aux-oiseaux.fr\/\",\"name\":\"ILE AUX OISEAUX\",\"description\":\"Vivez le camping Autrement\",\"publisher\":{\"@id\":\"https:\/\/ile-aux-oiseaux.fr\/#organization\"},\"alternateName\":\"Camping ILE AUX OISEAUX\",\"potentialAction\":[{\"@type\":\"SearchAction\",\"target\":{\"@type\":\"EntryPoint\",\"urlTemplate\":\"https:\/\/ile-aux-oiseaux.fr\/?s={search_term_string}\"},\"query-input\":{\"@type\":\"PropertyValueSpecification\",\"valueRequired\":true,\"valueName\":\"search_term_string\"}}],\"inLanguage\":\"en-GB\"},{\"@type\":\"Organization\",\"@id\":\"https:\/\/ile-aux-oiseaux.fr\/#organization\",\"name\":\"ILE AUX OISEAUX\",\"url\":\"https:\/\/ile-aux-oiseaux.fr\/\",\"logo\":{\"@type\":\"ImageObject\",\"inLanguage\":\"en-GB\",\"@id\":\"https:\/\/ile-aux-oiseaux.fr\/#\/schema\/logo\/image\/\",\"url\":\"https:\/\/ile-aux-oiseaux.fr\/wp-content\/uploads\/2025\/01\/fav-icon-ile-aux-oiseaux.png\",\"contentUrl\":\"https:\/\/ile-aux-oiseaux.fr\/wp-content\/uploads\/2025\/01\/fav-icon-ile-aux-oiseaux.png\",\"width\":400,\"height\":400,\"caption\":\"ILE AUX OISEAUX\"},\"image\":{\"@id\":\"https:\/\/ile-aux-oiseaux.fr\/#\/schema\/logo\/image\/\"},\"sameAs\":[\"https:\/\/www.facebook.com\/campinglileauxoiseaux\/\",\"https:\/\/www.instagram.com\/camping_ile_aux_oiseaux\/\"]}]}<\/script>\n<!-- \/ Yoast SEO plugin. -->","yoast_head_json":{"title":"Loyalty program of the 3-star campsite L&#039;Ile aux Oiseaux","description":"Enjoy numerous benefits with the loyalty card of the 3* campsite on Ile d&#039;Olonne, your campsite in Vend\u00e9e, for even more pleasant stays.","robots":{"index":"index","follow":"follow","max-snippet":"max-snippet:-1","max-image-preview":"max-image-preview:large","max-video-preview":"max-video-preview:-1"},"canonical":"https:\/\/ile-aux-oiseaux.fr\/en\/loyalty-card\/","og_locale":"en_GB","og_type":"article","og_title":"Programme de fid\u00e9lit\u00e9 du camping 3 \u00e9toiles L'Ile aux Oiseaux","og_description":"Profitez de nombreux avantages avec la carte de fid\u00e9lit\u00e9 du camping 3* \u00e0 l'Ile d'olonne, votre camping en Vend\u00e9e, pour des s\u00e9jours encore plus agr\u00e9ables.","og_url":"https:\/\/ile-aux-oiseaux.fr\/en\/loyalty-card\/","og_site_name":"ILE AUX OISEAUX","article_publisher":"https:\/\/www.facebook.com\/campinglileauxoiseaux\/","article_modified_time":"2025-01-21T10:13:00+00:00","og_image":[{"url":"http:\/\/ile-aux-oiseaux.fr\/wp-content\/uploads\/2024\/12\/plume.png","type":"","width":"","height":""}],"twitter_card":"summary_large_image","twitter_misc":{"Estimated reading time":"3 minutes"},"schema":{"@context":"https:\/\/schema.org","@graph":[{"@type":"WebPage","@id":"https:\/\/ile-aux-oiseaux.fr\/carte-fidelite\/","url":"https:\/\/ile-aux-oiseaux.fr\/carte-fidelite\/","name":"Loyalty program of the 3-star campsite L&#039;Ile aux Oiseaux","isPartOf":{"@id":"https:\/\/ile-aux-oiseaux.fr\/#website"},"primaryImageOfPage":{"@id":"https:\/\/ile-aux-oiseaux.fr\/carte-fidelite\/#primaryimage"},"image":{"@id":"https:\/\/ile-aux-oiseaux.fr\/carte-fidelite\/#primaryimage"},"thumbnailUrl":"http:\/\/ile-aux-oiseaux.fr\/wp-content\/uploads\/2024\/12\/plume.png","datePublished":"2025-01-08T10:50:18+00:00","dateModified":"2025-01-21T10:13:00+00:00","description":"Enjoy numerous benefits with the loyalty card of the 3* campsite on Ile d&#039;Olonne, your campsite in Vend\u00e9e, for even more pleasant stays.","breadcrumb":{"@id":"https:\/\/ile-aux-oiseaux.fr\/carte-fidelite\/#breadcrumb"},"inLanguage":"en-GB","potentialAction":[{"@type":"ReadAction","target":["https:\/\/ile-aux-oiseaux.fr\/carte-fidelite\/"]}]},{"@type":"ImageObject","inLanguage":"en-GB","@id":"https:\/\/ile-aux-oiseaux.fr\/carte-fidelite\/#primaryimage","url":"http:\/\/ile-aux-oiseaux.fr\/wp-content\/uploads\/2024\/12\/plume.png","contentUrl":"http:\/\/ile-aux-oiseaux.fr\/wp-content\/uploads\/2024\/12\/plume.png"},{"@type":"BreadcrumbList","@id":"https:\/\/ile-aux-oiseaux.fr\/carte-fidelite\/#breadcrumb","itemListElement":[{"@type":"ListItem","position":1,"name":"Accueil","item":"https:\/\/ile-aux-oiseaux.fr\/"},{"@type":"ListItem","position":2,"name":"Carte de fid\u00e9lit\u00e9"}]},{"@type":"WebSite","@id":"https:\/\/ile-aux-oiseaux.fr\/#website","url":"https:\/\/ile-aux-oiseaux.fr\/","name":"BIRD ISLAND","description":"Experience camping differently","publisher":{"@id":"https:\/\/ile-aux-oiseaux.fr\/#organization"},"alternateName":"Camping ILE AUX OISEAUX","potentialAction":[{"@type":"SearchAction","target":{"@type":"EntryPoint","urlTemplate":"https:\/\/ile-aux-oiseaux.fr\/?s={search_term_string}"},"query-input":{"@type":"PropertyValueSpecification","valueRequired":true,"valueName":"search_term_string"}}],"inLanguage":"en-GB"},{"@type":"Organization","@id":"https:\/\/ile-aux-oiseaux.fr\/#organization","name":"BIRD ISLAND","url":"https:\/\/ile-aux-oiseaux.fr\/","logo":{"@type":"ImageObject","inLanguage":"en-GB","@id":"https:\/\/ile-aux-oiseaux.fr\/#\/schema\/logo\/image\/","url":"https:\/\/ile-aux-oiseaux.fr\/wp-content\/uploads\/2025\/01\/fav-icon-ile-aux-oiseaux.png","contentUrl":"https:\/\/ile-aux-oiseaux.fr\/wp-content\/uploads\/2025\/01\/fav-icon-ile-aux-oiseaux.png","width":400,"height":400,"caption":"ILE AUX OISEAUX"},"image":{"@id":"https:\/\/ile-aux-oiseaux.fr\/#\/schema\/logo\/image\/"},"sameAs":["https:\/\/www.facebook.com\/campinglileauxoiseaux\/","https:\/\/www.instagram.com\/camping_ile_aux_oiseaux\/"]}]}},"_links":{"self":[{"href":"https:\/\/ile-aux-oiseaux.fr\/en\/wp-json\/wp\/v2\/pages\/1671","targetHints":{"allow":["GET"]}}],"collection":[{"href":"https:\/\/ile-aux-oiseaux.fr\/en\/wp-json\/wp\/v2\/pages"}],"about":[{"href":"https:\/\/ile-aux-oiseaux.fr\/en\/wp-json\/wp\/v2\/types\/page"}],"author":[{"embeddable":true,"href":"https:\/\/ile-aux-oiseaux.fr\/en\/wp-json\/wp\/v2\/users\/1"}],"replies":[{"embeddable":true,"href":"https:\/\/ile-aux-oiseaux.fr\/en\/wp-json\/wp\/v2\/comments?post=1671"}],"version-history":[{"count":0,"href":"https:\/\/ile-aux-oiseaux.fr\/en\/wp-json\/wp\/v2\/pages\/1671\/revisions"}],"wp:attachment":[{"href":"https:\/\/ile-aux-oiseaux.fr\/en\/wp-json\/wp\/v2\/media?parent=1671"}],"curies":[{"name":"wp","href":"https:\/\/api.w.org\/{rel}","templated":true}]}}